{"id":1222,"date":"2025-09-16T08:32:45","date_gmt":"2025-09-16T06:32:45","guid":{"rendered":"https:\/\/aulapenedes.com\/avis-legal"},"modified":"2026-01-07T13:53:07","modified_gmt":"2026-01-07T12:53:07","slug":"avis-legal","status":"publish","type":"page","link":"https:\/\/aulapenedes.com\/es\/avis-legal","title":{"rendered":"Aviso legal"},"content":{"rendered":"\n<h2 class=\"wp-block-heading\">Car\u00e1cter obligatorio o facultativo de la informaci\u00f3n facilitada por el usuario <\/h2>\n\n<p>Los Usuarios, mediante la entrada de datos en los campos En el formulario de contacto o presentados en formularios de descarga, aceptan expresamente y de forma libre e inequ\u00edvoca, que sus datos son necesarios para atender su petici\u00f3n, por parte del prestador, siendo voluntaria la inclusi\u00f3n de datos en los campos restantes. El Usuario garantiza que los datos personales facilitados a AULA DE FORMACI\u00d3 DEL PENED\u00c8S SL son veraces y se hace responsable de comunicar cualquier modificaci\u00f3n de los mismos.<\/p>\n\n<p>AULA DE FORMACI\u00d3 DEL PENED\u00c8S SL informa y garantiza expresamente a los usuarios que sus datos personales no ser\u00e1n cedidos en ning\u00fan caso a terceros, y que siempre que realizara alg\u00fan tipo de cesi\u00f3n de datos personales, se pedir\u00e1 previamente el consentimiento expreso, informado e inequ\u00edvoco por parte de los usuarios. Todos los datos solicitados a trav\u00e9s del sitio web son obligatorios, ya que son necesarios para la prestaci\u00f3n de un servicio \u00f3ptimo al usuario. En caso de que no sean facilitados todos los datos, no se garantiza que la informaci\u00f3n y servicios facilitados sean completamente ajustados a sus necesidades.<\/p>\n\n<h2 class=\"wp-block-heading\">Medidas de seguridad<\/h2>\n\n<p>Que de conformidad con lo dispuesto en las normativas vigentes en protecci\u00f3n de datos personales, AULA DE FORMACI\u00d3 DEL PENED\u00c8S SL est\u00e1 cumpliendo con las disposiciones de la normativa GDPR para el tratamiento de los datos personales de su responsabilidad, y manifiestamente con los principios descritos en el art\u00edculo 5 del GDPR, por los cuales son tratados de manera l\u00edcita, leal y transparente en relaci\u00f3n con el interesado y adecuadas, pertinentes y limitados a lo que es necesario en relaci\u00f3n con los fines para los cuales son tratados.<\/p>\n\n<p>AULA DE FORMACI\u00d3 DEL PENED\u00c8S SL garantiza que ha implementado pol\u00edticas t\u00e9cnicas y organizativas apropiadas para aplicar las medidas de seguridad que establecen el GDPR, con el fin de proteger los derechos y libertades de los Usuarios y les ha comunicado la informaci\u00f3n adecuada para que puedan ejercerlos.<\/p>\n\n<h2 class=\"wp-block-heading\">Utilizaci\u00f3n del portal y de los servicios por los usuarios<\/h2>\n\n<p>Excepto en el caso de que hayan obtenido previa y expresa autorizaci\u00f3n espec\u00edficamente otorgada a tal efecto por parte de AULA DE FORMACI\u00d3 DEL PENED\u00c8S SL, los usuarios se abstendr\u00e1n de obtener o intentar obtener cualquier tipo de contenidos, ya sean textos, gr\u00e1ficos, dibujos, archivos de sonido, im\u00e1genes o fotograf\u00edas, v\u00eddeos, software y en general cualquier clase de material accesible a trav\u00e9s del Portal o de los servicios utilizados por ellos, por medios distintos de los que se hayan puesto a su disposici\u00f3n a tal efecto o de los que se empleen habitualmente a tal efecto en Internet.<br\/>La reproducci\u00f3n, modificaci\u00f3n, copia, uso, distribuci\u00f3n, comercializaci\u00f3n, comunicaci\u00f3n p\u00fablica o cualquier otra utilizaci\u00f3n de la informaci\u00f3n contenida en el sitio web de AULA DE FORMACI\u00d3 DEL PENED\u00c8S SL (incluidos su propio dise\u00f1o, configuraci\u00f3n y forma de exposici\u00f3n del sitio web) que se realicen sin autorizaci\u00f3n de AULA DE FORMACI\u00d3 DEL PENED\u00c8S SL constituye una infracci\u00f3n de la legislaci\u00f3n vigente en materia de propiedad intelectual.<\/p>\n\n<h2 class=\"wp-block-heading\">Pol\u00edtica de cookies<\/h2>\n\n<p>A trav\u00e9s de este sitio web no se recogen datos de car\u00e1cter personal de los usuarios sin su conocimiento, ni se ceden a terceros.<br\/>Con la finalidad de ofrecer el mejor servicio y con el objeto de facilitar el uso, se analizan el n\u00famero de p\u00e1ginas visitadas, el n\u00famero de visitas, as\u00ed como la actividad de los visitantes y su frecuencia de utilizaci\u00f3n. A estos efectos, AULA DE FORMACI\u00d3 DEL PENED\u00c8S SL utiliza la informaci\u00f3n estad\u00edstica elaborada por el Proveedor de Servicios de Internet. <\/p>\n\n<p>AULA DE FORMACI\u00d3 DEL PENED\u00c8S SL no utiliza cookies para recoger informaci\u00f3n de los usuarios, ni registra las direcciones IP de acceso. \u00danicamente se utilizan cookies propias, de sesi\u00f3n, con finalidad t\u00e9cnica (aquellas que permiten al usuario la navegaci\u00f3n a trav\u00e9s del sitio web y la utilizaci\u00f3n de las diferentes opciones y servicios que en ella existen).<\/p>\n\n<h2 class=\"wp-block-heading\">Exclusi\u00f3n de responsabilidad de los contenidos<\/h2>\n\n<p>La empresa no es en ning\u00fan caso responsable, ni de forma directa ni subsidiaria, de ning\u00fan contenido, informaci\u00f3n, comunicaci\u00f3n, opini\u00f3n o manifestaci\u00f3n de cualquier tipo que tenga su origen en el usuario o cualquier persona o entidad y que se comunique, difunda, transmita o exhiba a trav\u00e9s de este portal.<\/p>\n\n<h2 class=\"wp-block-heading\">Propiedad intelectual e industrial<\/h2>\n\n<p>Todos los contenidos as\u00ed como nombres, logos, marcas y bases de datos accesibles en las p\u00e1ginas web del Portal est\u00e1n sujetos a derechos de propiedad industrial e intelectual de la empresa o de terceros titulares de los mismos. En ning\u00fan caso el acceso a las p\u00e1ginas web del Portal implica ning\u00fan tipo de renuncia, transmisi\u00f3n o cesi\u00f3n total o parcial de los mencionados derechos, ni confiere ning\u00fan derecho de utilizaci\u00f3n, alteraci\u00f3n, explotaci\u00f3n, reproducci\u00f3n, distribuci\u00f3n o comunicaci\u00f3n p\u00fablica sobre los contenidos o bienes de propiedad industrial sin la previa y expresa autorizaci\u00f3n espec\u00edficamente otorgada a tal efecto por parte de la empresa o del tercero titular de los derechos, excepto los derechos de visualizar y de realizar copias para uso personal y exclusivo del usuario, los cuales deber\u00e1n ejercer siempre conforme a los principios de la buena fe y la legislaci\u00f3n aplicable.<br\/><\/p>\n\n<p>AULA DE FORMACI\u00d3 DEL PENED\u00c8S SL y otras denominaciones de productos, servicios, gr\u00e1ficos y logotipos son marcas protegidas por AULA DE FORMACI\u00d3 DEL PENED\u00c8S SL. Las denominaciones de otros productos, servicios y compa\u00f1\u00edas mencionadas en este documento pueden ser marcas registradas de sus respectivos propietarios.<\/p>\n\n<h2 class=\"wp-block-heading\">Ley aplicable<\/h2>\n\n<p>La ley aplicable en caso de disputa o conflicto de interpretaci\u00f3n de los t\u00e9rminos que conforman este aviso legal, as\u00ed como cualquier cuesti\u00f3n relacionada con los servicios del presente portal, ser\u00e1 la ley espa\u00f1ola.<\/p>\n","protected":false},"excerpt":{"rendered":"<p>Car\u00e1cter obligatorio o facultativo de la informaci\u00f3n facilitada por el usuario Los Usuarios, mediante la entrada de datos en los campos En el formulario de contacto o presentados en formularios de descarga, aceptan expresamente y de forma libre e inequ\u00edvoca, que sus datos son necesarios para atender su petici\u00f3n, por parte del prestador, siendo voluntaria [&hellip;]<\/p>\n","protected":false},"author":1,"featured_media":0,"parent":0,"menu_order":0,"comment_status":"closed","ping_status":"closed","template":"","meta":{"_acf_changed":false,"_et_pb_use_builder":"off","_et_pb_old_content":"","_et_gb_content_width":"","footnotes":""},"class_list":["post-1222","page","type-page","status-publish","hentry"],"acf":[],"_links":{"self":[{"href":"https:\/\/aulapenedes.com\/es\/wp-json\/wp\/v2\/pages\/1222","targetHints":{"allow":["GET"]}}],"collection":[{"href":"https:\/\/aulapenedes.com\/es\/wp-json\/wp\/v2\/pages"}],"about":[{"href":"https:\/\/aulapenedes.com\/es\/wp-json\/wp\/v2\/types\/page"}],"author":[{"embeddable":true,"href":"https:\/\/aulapenedes.com\/es\/wp-json\/wp\/v2\/users\/1"}],"replies":[{"embeddable":true,"href":"https:\/\/aulapenedes.com\/es\/wp-json\/wp\/v2\/comments?post=1222"}],"version-history":[{"count":1,"href":"https:\/\/aulapenedes.com\/es\/wp-json\/wp\/v2\/pages\/1222\/revisions"}],"predecessor-version":[{"id":1223,"href":"https:\/\/aulapenedes.com\/es\/wp-json\/wp\/v2\/pages\/1222\/revisions\/1223"}],"wp:attachment":[{"href":"https:\/\/aulapenedes.com\/es\/wp-json\/wp\/v2\/media?parent=1222"}],"curies":[{"name":"wp","href":"https:\/\/api.w.org\/{rel}","templated":true}]}}