{"id":1236,"date":"2024-10-21T10:31:38","date_gmt":"2024-10-21T08:31:38","guid":{"rendered":"https:\/\/aulapenedes.com\/politica-de-privacitat"},"modified":"2026-01-07T13:53:28","modified_gmt":"2026-01-07T12:53:28","slug":"politica-de-privacitat","status":"publish","type":"page","link":"https:\/\/aulapenedes.com\/es\/politica-de-privacitat","title":{"rendered":"Pol\u00edtica de privacidad"},"content":{"rendered":"\n<p>Para dar cumplimiento con lo establecido en la Ley 34\/2002, de 11 de julio, de servicios de la sociedad de la informaci\u00f3n y de comercio electr\u00f3nico, a continuaci\u00f3n se indican los datos de la informaci\u00f3n general de este sitio web:<\/p>\n\n<h2 class=\"wp-block-heading\">Objeto<\/h2>\n\n<p>Estas condiciones generales (a partir de ahora, las \u00abCondiciones Generales\u00bb) regulan el uso de todos los servicios de este sitio web (a partir de ahora \u00abel Portal\u00bb) que AULA DE FORMACI\u00d3 DEL PENED\u00c8S SL, pone a la disposici\u00f3n de los usuarios de Internet. Por la simple utilizaci\u00f3n del Portal, los usuarios expresan la plena aceptaci\u00f3n sin reservas de las mismas, las cuales podr\u00e1n ser modificadas por la Empresa en cualquier momento. Los usuarios se ven as\u00ed mismo sometidos a todas aquellas condiciones particulares, avisos o reglamentos de instrucciones que se pongan en su conocimiento, en relaci\u00f3n a los contenidos o servicios concretos, que contemplen aquello previsto en estas Condiciones Generales siempre y cuando no se opongan a ello.<\/p>\n\n<h2 class=\"wp-block-heading\">Informaci\u00f3n al usuario<\/h2>\n\n<p>AULA DE FORMACI\u00d3 DEL PENED\u00c8S SL, es el Responsable del tratamiento de los datos personales del Usuario y le informa que estos datos ser\u00e1n tratados de conformidad con lo que disponen la normativa vigente en protecci\u00f3n de datos personales, el Reglamento (UE) 2016\/679 de 27 de abril de 2016 (GDPR) relativo a la protecci\u00f3n de las personas f\u00edsicas en lo que respecta al tratamiento de datos personales y a la libre circulaci\u00f3n de estos datos, por lo que se le facilita la siguiente informaci\u00f3n del tratamiento:<\/p>\n\n<h3 class=\"wp-block-heading\">\u00bfQui\u00e9n es El responsable del tratamiento de sus datos? <\/h3>\n\n<p>El presente documento constituye la Pol\u00edtica de privacidad que se aplica a todos los datos de car\u00e1cter personal que AULA DE FORMACI\u00d3 DEL PENED\u00c8S SL trata sobre usted. A continuaci\u00f3n le informamos sobre los datos identificativos del RESPONSABLE del tratamiento:<\/p>\n\n<p>Responsable: AULA DE FORMACI\u00d3 DEL PENED\u00c8S SL<\/p>\n\n<p>CIF: B-58490897<\/p>\n\n<p>Direcci\u00f3n Postal: Passeig Camps dels Rolls, 9 1 \u00aa Planta 08720 Vilafranca del Pened\u00e8s<\/p>\n\n<p>Tel\u00e9fono de contacto: 938.902.047<\/p>\n\n<p>Correo electr\u00f3nico: <a href=\"mailto:formacio@aulapenedes.cat\">formacio@aulapenedes.cat<\/a> <\/p>\n\n<p>Datos del contacto del Delegado de Protecci\u00f3n de Datos (DPD-DPO): lopd@msanchez.cat  <\/p>\n\n<h3 class=\"wp-block-heading\">Finalidad<\/h3>\n\n<p><strong>\u00bfCon qu\u00e9 finalidad tratamos sus datos?<\/strong><\/p>\n\n<h4 class=\"wp-block-heading\">Alumnos Web o Cursos presenciales:  <\/h4>\n\n<p>Cuando se registra en nuestra web, para hacer un curso online o presencial, los datos que nos facilite ser\u00e1n utilizados para tramitar, enviar e impartir cursos de formaci\u00f3n subvencionados. Para poder realizar cursos online o presenciales, cada Alumno proporciona de forma voluntaria y bajo su responsabilidad, sus datos de car\u00e1cter personal (nombre, apellidos, direcci\u00f3n, tel\u00e9fono, datos de facturaci\u00f3n y forma de pago) que deber\u00e1n ser veraces y exactos.<\/p>\n\n<h4 class=\"wp-block-heading\">Bolet\u00edn \/ Comunicaciones comerciales<\/h4>\n\n<p>En los casos en que nos otorgue su consentimiento seg\u00fan lo previsto en el art\u00edculo 21 de la Ley de Servicios de la Sociedad de la Informaci\u00f3n, utilizaremos sus datos identificativos y de contacto para enviarle informaci\u00f3n sobre las novedades de la p\u00e1gina web, noticias de inter\u00e9s sobre el sector, as\u00ed como promociones y ofertas de nuestros productos y servicios.<br\/>La vigencia de las promociones que le enviemos pueden estar sujetas a la disponibilidad de los productos y a especificaciones m\u00e1s concretas sobre las mismas. Ante cualquier duda, le informaremos sobre las condiciones de las promociones a trav\u00e9s de nuestro Departamento de Atenci\u00f3n al Cliente.<\/p>\n\n<h4 class=\"wp-block-heading\">REDES SOCIALES<\/h4>\n\n<p>Mediante nuestra p\u00e1gina web puede acceder a las redes sociales Facebook, Twitter, Instagram de acceso abierto a todos los usuarios. Se trata de sitios web donde el usuario puede registrarse y seguirnos gratuitamente. En estas redes sociales los usuarios podr\u00e1n conocer nuestras actividades, opiniones, acceder a las fotos y v\u00eddeos. Los usuarios de estas redes sociales deben ser conscientes de que este sitio es independiente de nuestra web y est\u00e1 abierto, es decir, es visible para todos sus usuarios, y las pol\u00edticas de privacidad a aplicar<br\/>a estos contenidos son las fijadas por Facebook, Twitter, Instagram. \u00bb AULA DE FORMACI\u00d3 DEL PENED\u00c8S<br\/>SL \u00bb no es titular de las redes sociales.<\/p>\n\n<h3 class=\"wp-block-heading\">\u00bfCu\u00e1nto tiempo conservaremos sus datos?<\/h3>\n\n<p>Criterios de conservaci\u00f3n de los datos: Se conservar\u00e1n mientras haya un inter\u00e9s de ambas partes por mantener el fin del tratamiento y cuando ya no sea necesario para tal fin, se suprimir\u00e1n con medidas de seguridad adecuadas para garantizar la seudonimizaci\u00f3n de los datos o la destrucci\u00f3n total de los mismos.<\/p>\n\n<h3 class=\"wp-block-heading\">Legitimaci\u00f3n<\/h3>\n\n<p><strong>\u00bfCu\u00e1l es la legitimaci\u00f3n para el tratamiento de sus datos?<\/strong><\/p>\n\n<p>La base legal para el tratamiento de sus datos es la ejecuci\u00f3n de contrato de suscripci\u00f3n a las actividades que promueve la empresa y la gesti\u00f3n de los cursos que el alumno se ha registrado a trav\u00e9s del formulario de aula virtual o presencialmente en nuestras instalaciones (seg\u00fan los t\u00e9rminos y condiciones que constan en nuestra pol\u00edtica de privacidad). La oferta prospectiva de cursos y servicios est\u00e1 basada en el consentimiento que se solicita, sin que en ning\u00fan caso la retirada de este consentimiento condicione la ejecuci\u00f3n del contrato de servicios.<\/p>\n\n<h3 class=\"wp-block-heading\">Destinatarios<\/h3>\n\n<p><strong>\u00bfA qu\u00e9 destinatarios se comunicar\u00e1n sus datos?<br\/><\/strong>No se comunicar\u00e1n los datos a ning\u00fan destinatario, excepto por una obligaci\u00f3n legal.<\/p>\n\n<h3 class=\"wp-block-heading\">Derechos<\/h3>\n\n<p><strong>\u00bfCu\u00e1les son sus derechos?<\/strong><\/p>\n\n<p><strong>\u00bfC\u00f3mo puede ejercer los derechos?<\/strong><\/p>\n\n<figure class=\"wp-block-table\"><table class=\"has-fixed-layout\"><tbody><tr><td>Derechos<\/td><td>Contenido<\/td><td>Canales de atenci\u00f3n<\/td><\/tr><tr><td>Access<\/td><td>Cualquier persona tiene derecho a obtener confirmaci\u00f3n sobre si en AULA DE FORMACI\u00d3 DEL PENED\u00c8S SL estamos tratando datos personales que les conciernan, o no.<\/td><td><\/td><\/tr><tr><td>Rectificaci\u00f3n<\/td><td>Las personas interesadas tienen derecho a acceder a sus datos personales, as\u00ed como solicitar la rectificaci\u00f3n de los datos inexactos<\/td><td>Podr\u00e1 ejercer sus derechos a: formacio@aulapenedes.cat o<br\/>Departamento Protecci\u00f3n de Datos:  <br\/>Direcci\u00f3n postal: Passeig Camps dels Rolls, 9 1 \u00aa Planta 08720 Vilafranca del Pened\u00e8s<br\/>Tel\u00e9fono: 938.902.047<\/td><\/tr><tr><td>Supresi\u00f3n<\/td><td>Las personas interesadas podr\u00e1n solicitar la eliminaci\u00f3n de sus datos personales y ya no sean necesarios para los fines que fueron recogidas.<\/td><td>Podr\u00e1 ejercer sus derechos a: formacio@aulapenedes.cat o<br\/>Departamento Protecci\u00f3n de Datos:  <br\/>Direcci\u00f3n postal: Passeig Camps dels Rolls, 9 1 \u00aa Planta 08720 Vilafranca del Pened\u00e8s<br\/>Tel\u00e9fono: 938.902.047<\/td><\/tr><tr><td>Oposici\u00f3n<\/td><td>Los interesados pueden oponerse al tratamiento de sus datos con fines de servicios que nos soliciten de su inter\u00e9s. AULA DE FORMACI\u00d3 DEL PENED\u00c8S SL dejar\u00e1 de tratar los datos, excepto motivos leg\u00edtimos imperiosos o para ejercer o defender posibles reclamaciones<\/td><td>Podr\u00e1 ejercer sus derechos a: formacio@aulapenedes.cat o<br\/>Departamento Protecci\u00f3n de Datos:  <br\/>Direcci\u00f3n postal: Passeig Camps dels Rolls, 9 1 \u00aa Planta 08720 Vilafranca del Pened\u00e8s<br\/>Tel\u00e9fono: 938.902.047<\/td><\/tr><tr><td>Limitaci\u00f3n del tratamiento<\/td><td>En determinadas circunstancias que prev\u00e9 el art\u00edculo 18 RGPD, los interesados pueden solicitar la limitaci\u00f3n del tratamiento de sus datos en los siguientes casos.<br\/>\u00b7 Mientras se comprueba la impugnaci\u00f3n de la exactitud<br\/>de sus datos.<br\/>\u00b7 Cuando el tratamiento es il\u00edcito. Pero se opone a ejercer el derecho a la supresi\u00f3n de sus datos.<br\/>\u00b7 Cuando en AULA DE FORMACI\u00d3 DEL PENED\u00c8S SL no<br\/>necesita tratar sus datos, pero usted los<br\/>necesita para el ejercicio o la defensa de<br\/>reclamaciones.<br\/>\u00b7 Cuando usted se oponga al tratamiento de datos para el<br\/>cumplimiento de una misi\u00f3n en inter\u00e9s p\u00fablico o para<br\/>la satisfacci\u00f3n de un inter\u00e9s leg\u00edtimo. Mientras se<br\/>verifica si los motivos leg\u00edtimos para el tratamiento por<br\/>delante de los de usted.<\/td><td>Podr\u00e1 ejercer sus derechos a: formacio@aulapenedes.cat o<br\/>Departamento Protecci\u00f3n de Datos:  <br\/>Direcci\u00f3n postal: Passeig Camps dels Rolls, 9 1 \u00aa Planta 08720 Vilafranca del Pened\u00e8s<br\/>Tel\u00e9fono: 938.902.047<\/td><\/tr><tr><td>Portabilidad<\/td><td>En virtud del derecho a la portabilidad, los interesados tienen derecho a obtener sus datos personales en un formato estructurado de uso com\u00fan y lectura mec\u00e1nica y a transmitirlos a otro responsable<\/td><td>Podr\u00e1 ejercer sus derechos a: formacio@aulapenedes.cat o<br\/>Departamento Protecci\u00f3n de Datos:  <br\/>Direcci\u00f3n postal: Passeig Camps dels Rolls, 9 1 \u00aa Planta 08720 Vilafranca del Pened\u00e8s<br\/>Tel\u00e9fono: 938.902.047<\/td><\/tr><\/tbody><\/table><\/figure>\n\n<p>Si usted considera que en AULA DE FORMACI\u00d3 DEL PENED\u00c8S SL no hemos tratado sus datos de acuerdo con la normativa, puede contactar con nuestro delegado de protecci\u00f3n de datos a la siguiente direcci\u00f3n de correo electr\u00f3nico: lopd@msanchez.cat<br\/>Para ejercitar sus derechos, se deber\u00e1 acompa\u00f1ar a su solicitud, su DNI o documento equivalente que acredite su identidad.<strong>  El ejercicio de estos derechos es gratuito.<\/strong><\/p>\n\n<p><strong>\u00bfQu\u00e9 v\u00edas de reclamaci\u00f3n hay?<\/strong><\/p>\n\n<p>Las personas interesadas tienen derecho a presentar una reclamaci\u00f3n ante la Autoridad de Control en materia de protecci\u00f3n de datos competente, especialmente cuando no haya obtenido satisfacci\u00f3n en el ejercicio de sus derechos, y la forma de ponerse en contacto con ella mediante la p\u00e1gina web. http:\/\/www.agpd.es.<\/p>\n","protected":false},"excerpt":{"rendered":"<p>Para dar cumplimiento con lo establecido en la Ley 34\/2002, de 11 de julio, de servicios de la sociedad de la informaci\u00f3n y de comercio electr\u00f3nico, a continuaci\u00f3n se indican los datos de la informaci\u00f3n general de este sitio web: Objeto Estas condiciones generales (a partir de ahora, las \u00abCondiciones Generales\u00bb) regulan el uso de [&hellip;]<\/p>\n","protected":false},"author":1,"featured_media":0,"parent":0,"menu_order":0,"comment_status":"closed","ping_status":"closed","template":"","meta":{"_acf_changed":false,"_et_pb_use_builder":"","_et_pb_old_content":"","_et_gb_content_width":"","footnotes":""},"class_list":["post-1236","page","type-page","status-publish","hentry"],"acf":[],"_links":{"self":[{"href":"https:\/\/aulapenedes.com\/es\/wp-json\/wp\/v2\/pages\/1236","targetHints":{"allow":["GET"]}}],"collection":[{"href":"https:\/\/aulapenedes.com\/es\/wp-json\/wp\/v2\/pages"}],"about":[{"href":"https:\/\/aulapenedes.com\/es\/wp-json\/wp\/v2\/types\/page"}],"author":[{"embeddable":true,"href":"https:\/\/aulapenedes.com\/es\/wp-json\/wp\/v2\/users\/1"}],"replies":[{"embeddable":true,"href":"https:\/\/aulapenedes.com\/es\/wp-json\/wp\/v2\/comments?post=1236"}],"version-history":[{"count":1,"href":"https:\/\/aulapenedes.com\/es\/wp-json\/wp\/v2\/pages\/1236\/revisions"}],"predecessor-version":[{"id":1237,"href":"https:\/\/aulapenedes.com\/es\/wp-json\/wp\/v2\/pages\/1236\/revisions\/1237"}],"wp:attachment":[{"href":"https:\/\/aulapenedes.com\/es\/wp-json\/wp\/v2\/media?parent=1236"}],"curies":[{"name":"wp","href":"https:\/\/api.w.org\/{rel}","templated":true}]}}